{"id":37,"date":"2025-08-30T11:48:40","date_gmt":"2025-08-30T11:48:40","guid":{"rendered":"https:\/\/darkred-sardine-478841.hostingersite.com\/home-2\/"},"modified":"2025-10-03T16:29:52","modified_gmt":"2025-10-03T16:29:52","slug":"home-2","status":"publish","type":"page","link":"https:\/\/ethansaya.com\/","title":{"rendered":"Accueil"},"content":{"rendered":"<h1 dir=\"auto\" style=\"text-align: center;\"><strong><em>Coaching d&rsquo;\u00e9checs tous niveaux\u00a0<\/em><em>par le Ma\u00eetre FIDE Ethan SAYA<\/em><\/strong><\/h1>\n<p dir=\"auto\"><img loading=\"lazy\" decoding=\"async\" class=\"size-medium wp-image-125 aligncenter\" src=\"http:\/\/ethansaya.com\/wp-content\/uploads\/2025\/10\/photo-1606594914767-d6bfbde9a0e9-300x169.jpeg\" alt=\"\" width=\"300\" height=\"169\" srcset=\"https:\/\/ethansaya.com\/wp-content\/uploads\/2025\/10\/photo-1606594914767-d6bfbde9a0e9-300x169.jpeg 300w, https:\/\/ethansaya.com\/wp-content\/uploads\/2025\/10\/photo-1606594914767-d6bfbde9a0e9-1024x576.jpeg 1024w, https:\/\/ethansaya.com\/wp-content\/uploads\/2025\/10\/photo-1606594914767-d6bfbde9a0e9-768x432.jpeg 768w, https:\/\/ethansaya.com\/wp-content\/uploads\/2025\/10\/photo-1606594914767-d6bfbde9a0e9-1536x864.jpeg 1536w, https:\/\/ethansaya.com\/wp-content\/uploads\/2025\/10\/photo-1606594914767-d6bfbde9a0e9-2048x1152.jpeg 2048w\" sizes=\"auto, (max-width: 300px) 100vw, 300px\" \/><\/p>\n<p dir=\"auto\">Bonjour !<\/p>\n<p dir=\"auto\">Je m&rsquo;appelle Ethan SAYA et je suis passionn\u00e9 par le jeu d&rsquo;\u00e9checs depuis mon plus jeune \u00e2ge.<br \/>\nEn tant que Ma\u00eetre FIDE (+2300 \u00e9los), je propose des cours d&rsquo;\u00e9checs pour joueurs de tous niveaux : du d\u00e9butant jusqu&rsquo;aux forts joueurs de clubs (+2000 \u00e9los).<br \/>\nMon objectif est de faire progresser les joueurs motiv\u00e9s tout en leur transmettant le plaisir du jeu.<\/p>\n<p dir=\"auto\">\n<h2 dir=\"auto\">Mon exp\u00e9rience du jeu<\/h2>\n<p><img loading=\"lazy\" decoding=\"async\" class=\"alignnone size-medium wp-image-126\" src=\"http:\/\/ethansaya.com\/wp-content\/uploads\/2025\/10\/podium-a-1024x694-YKb1OKXpLyTaqxgQ-300x203.jpg\" alt=\"\" width=\"300\" height=\"203\" srcset=\"https:\/\/ethansaya.com\/wp-content\/uploads\/2025\/10\/podium-a-1024x694-YKb1OKXpLyTaqxgQ-300x203.jpg 300w, https:\/\/ethansaya.com\/wp-content\/uploads\/2025\/10\/podium-a-1024x694-YKb1OKXpLyTaqxgQ-768x521.jpg 768w, https:\/\/ethansaya.com\/wp-content\/uploads\/2025\/10\/podium-a-1024x694-YKb1OKXpLyTaqxgQ.jpg 1024w\" sizes=\"auto, (max-width: 300px) 100vw, 300px\" \/><\/p>\n<p dir=\"auto\"><img loading=\"lazy\" decoding=\"async\" class=\"\" role=\"img\" draggable=\"false\" src=\"https:\/\/s.w.org\/images\/core\/emoji\/16.0.1\/svg\/1f947.svg\" alt=\"\ud83e\udd47\" width=\"28\" height=\"28\" \/>Vainqueur de l&rsquo;open A du championnat de France jeunes en 2018.<br \/>\n<img loading=\"lazy\" decoding=\"async\" class=\"\" role=\"img\" draggable=\"false\" src=\"https:\/\/s.w.org\/images\/core\/emoji\/16.0.1\/svg\/1f947.svg\" alt=\"\ud83e\udd47\" width=\"27\" height=\"27\" \/>Vainqueur de l&rsquo;open A du championnat de France adultes en 2022 et 2024.<br \/>\nJ&rsquo;ai jou\u00e9 des tournois ferm\u00e9s \u00e0 normes de MI plusieurs fois \u00e0 Barcelone dont un qui m&rsquo;a permis d&rsquo;obtenir le titre de maitre FIDE.<img loading=\"lazy\" decoding=\"async\" class=\"\" role=\"img\" draggable=\"false\" src=\"https:\/\/s.w.org\/images\/core\/emoji\/16.0.1\/svg\/1f60e.svg\" alt=\"\ud83d\ude0e\" width=\"20\" height=\"20\" \/><br \/>\n&#8211; Ma meilleure performance est ma victoire, en partie classique, avec les noirs contre le GMI polonais Marcin Krzyzanowski (class\u00e9 2539 au moment de la partie).<br \/>\n&#8211; En terme de match nul, c&rsquo;est ma nulle, en partie classique, avec les noirs contre le GMI Yannick Gozzoli (top 10 fran\u00e7ais et champion de France 2023<img loading=\"lazy\" decoding=\"async\" class=\"\" role=\"img\" draggable=\"false\" src=\"https:\/\/s.w.org\/images\/core\/emoji\/16.0.1\/svg\/1f525.svg\" alt=\"\ud83d\udd25\" width=\"25\" height=\"25\" \/>) class\u00e9 2600 au moment de la partie !<\/p>\n<h2 dir=\"auto\"><\/h2>\n<h2 dir=\"auto\">Mes activit\u00e9s en ligne<\/h2>\n<p><img loading=\"lazy\" decoding=\"async\" class=\"size-medium wp-image-128 alignleft\" src=\"http:\/\/ethansaya.com\/wp-content\/uploads\/2025\/10\/youtubeethan-AE02ZKBKM1hReMkQ-300x241.png\" alt=\"\" width=\"300\" height=\"241\" srcset=\"https:\/\/ethansaya.com\/wp-content\/uploads\/2025\/10\/youtubeethan-AE02ZKBKM1hReMkQ-300x241.png 300w, https:\/\/ethansaya.com\/wp-content\/uploads\/2025\/10\/youtubeethan-AE02ZKBKM1hReMkQ-768x618.png 768w, https:\/\/ethansaya.com\/wp-content\/uploads\/2025\/10\/youtubeethan-AE02ZKBKM1hReMkQ.png 910w\" sizes=\"auto, (max-width: 300px) 100vw, 300px\" \/><\/p>\n<p dir=\"auto\">\n<p dir=\"auto\">J&rsquo;ai une chaine <strong>YouTube<\/strong> : <a href=\"http:\/\/www.youtube.com\/@ethansaya\">www.youtube.com\/@ethansaya<\/a> sur laquelle je poste des vid\u00e9os d&rsquo;\u00e9checs !<\/p>\n<p dir=\"auto\">J&rsquo;ai \u00e9galement une chaine <strong>Twitch<\/strong> : <a href=\"http:\/\/www.twitch.tv\/Ethan_Saya\">www.twitch.tv\/Ethan_Saya<\/a> sur laquelle je streame le plus souvent des parties \u00e0 but p\u00e9dagogique contre les spectateurs !<br \/>\nN&rsquo;h\u00e9sitez pas \u00e0 vous abonner d&rsquo;ailleurs -:)<\/p>\n<p dir=\"auto\">\n<h2 dir=\"auto\"><\/h2>\n<p>&nbsp;<\/p>\n<h2 dir=\"auto\">Mes d\u00e9fis personnels<\/h2>\n<p><img loading=\"lazy\" decoding=\"async\" class=\"size-medium wp-image-129 alignleft\" src=\"http:\/\/ethansaya.com\/wp-content\/uploads\/2025\/10\/roadto-300x155.png\" alt=\"\" width=\"300\" height=\"155\" srcset=\"https:\/\/ethansaya.com\/wp-content\/uploads\/2025\/10\/roadto-300x155.png 300w, https:\/\/ethansaya.com\/wp-content\/uploads\/2025\/10\/roadto.png 464w\" sizes=\"auto, (max-width: 300px) 100vw, 300px\" \/><\/p>\n<p dir=\"auto\">Pour mon activit\u00e9 de joueur, je m&rsquo;entra\u00eene tr\u00e8s intens\u00e9ment pour les prochaines \u00e9ch\u00e9ances en comp\u00e9tition dans le but d&rsquo;obtenir les normes et le titre de Ma\u00eetre International, puis si tout se passe bien, j&rsquo;esp\u00e8re devenir un jour Grand Ma\u00eetre International !<\/p>\n<p>&nbsp;<\/p>\n","protected":false},"excerpt":{"rendered":"<p>Coaching d&rsquo;\u00e9checs tous niveaux\u00a0par le Ma\u00eetre FIDE Ethan SAYA Bonjour ! Je m&rsquo;appelle Ethan SAYA et je suis passionn\u00e9 par le jeu d&rsquo;\u00e9checs depuis mon plus jeune \u00e2ge. En tant que Ma\u00eetre FIDE (+2300 \u00e9los), je propose des cours d&rsquo;\u00e9checs pour joueurs de tous niveaux : du d\u00e9butant jusqu&rsquo;aux forts joueurs de clubs (+2000 \u00e9los). [&hellip;]<\/p>\n","protected":false},"author":1,"featured_media":0,"parent":0,"menu_order":0,"comment_status":"closed","ping_status":"closed","template":"","meta":{"footnotes":""},"class_list":["post-37","page","type-page","status-publish","hentry"],"_links":{"self":[{"href":"https:\/\/ethansaya.com\/index.php?rest_route=\/wp\/v2\/pages\/37","targetHints":{"allow":["GET"]}}],"collection":[{"href":"https:\/\/ethansaya.com\/index.php?rest_route=\/wp\/v2\/pages"}],"about":[{"href":"https:\/\/ethansaya.com\/index.php?rest_route=\/wp\/v2\/types\/page"}],"author":[{"embeddable":true,"href":"https:\/\/ethansaya.com\/index.php?rest_route=\/wp\/v2\/users\/1"}],"replies":[{"embeddable":true,"href":"https:\/\/ethansaya.com\/index.php?rest_route=%2Fwp%2Fv2%2Fcomments&post=37"}],"version-history":[{"count":12,"href":"https:\/\/ethansaya.com\/index.php?rest_route=\/wp\/v2\/pages\/37\/revisions"}],"predecessor-version":[{"id":130,"href":"https:\/\/ethansaya.com\/index.php?rest_route=\/wp\/v2\/pages\/37\/revisions\/130"}],"wp:attachment":[{"href":"https:\/\/ethansaya.com\/index.php?rest_route=%2Fwp%2Fv2%2Fmedia&parent=37"}],"curies":[{"name":"wp","href":"https:\/\/api.w.org\/{rel}","templated":true}]}}