{"id":41,"date":"2025-08-30T11:48:40","date_gmt":"2025-08-30T11:48:40","guid":{"rendered":"https:\/\/darkred-sardine-478841.hostingersite.com\/me-contacter\/"},"modified":"2025-09-11T09:45:07","modified_gmt":"2025-09-11T09:45:07","slug":"me-contacter","status":"publish","type":"page","link":"https:\/\/ethansaya.com\/?page_id=41","title":{"rendered":"Me contacter"},"content":{"rendered":"<h2 dir=\"auto\">Contactez-moi !<\/h2>\n<p dir=\"auto\" class=\"body\"><span>N&rsquo;h\u00e9sitez pas \u00e0 me contacter en m&rsquo;envoyant un email \u00e0 l&rsquo;adresse suivante :<\/span><\/p>\n<p dir=\"auto\" class=\"body\"><span>contact@ethansaya.com<\/span><\/p>\n","protected":false},"excerpt":{"rendered":"<p>Contactez-moi ! N&rsquo;h\u00e9sitez pas \u00e0 me contacter en m&rsquo;envoyant un email \u00e0 l&rsquo;adresse suivante : contact@ethansaya.com<\/p>\n","protected":false},"author":1,"featured_media":0,"parent":0,"menu_order":0,"comment_status":"closed","ping_status":"closed","template":"","meta":{"footnotes":""},"class_list":["post-41","page","type-page","status-publish","hentry"],"_links":{"self":[{"href":"https:\/\/ethansaya.com\/index.php?rest_route=\/wp\/v2\/pages\/41","targetHints":{"allow":["GET"]}}],"collection":[{"href":"https:\/\/ethansaya.com\/index.php?rest_route=\/wp\/v2\/pages"}],"about":[{"href":"https:\/\/ethansaya.com\/index.php?rest_route=\/wp\/v2\/types\/page"}],"author":[{"embeddable":true,"href":"https:\/\/ethansaya.com\/index.php?rest_route=\/wp\/v2\/users\/1"}],"replies":[{"embeddable":true,"href":"https:\/\/ethansaya.com\/index.php?rest_route=%2Fwp%2Fv2%2Fcomments&post=41"}],"version-history":[{"count":1,"href":"https:\/\/ethansaya.com\/index.php?rest_route=\/wp\/v2\/pages\/41\/revisions"}],"predecessor-version":[{"id":105,"href":"https:\/\/ethansaya.com\/index.php?rest_route=\/wp\/v2\/pages\/41\/revisions\/105"}],"wp:attachment":[{"href":"https:\/\/ethansaya.com\/index.php?rest_route=%2Fwp%2Fv2%2Fmedia&parent=41"}],"curies":[{"name":"wp","href":"https:\/\/api.w.org\/{rel}","templated":true}]}}