{"id":42,"date":"2025-08-30T11:48:40","date_gmt":"2025-08-30T11:48:40","guid":{"rendered":"https:\/\/darkred-sardine-478841.hostingersite.com\/mon-club-en-ligne\/"},"modified":"2025-09-11T10:15:43","modified_gmt":"2025-09-11T10:15:43","slug":"mon-club-en-ligne","status":"publish","type":"page","link":"https:\/\/ethansaya.com\/?page_id=42","title":{"rendered":"Mon club en ligne"},"content":{"rendered":"<h2 class=\"body\" dir=\"auto\">Ce que pourrait contenir le club (en projet)<\/h2>\n<p class=\"body\" dir=\"auto\"><em><u>Pour les membres gratuits :<\/u><\/em><\/p>\n<ul dir=\"auto\">\n<li>\n<p class=\"body\" dir=\"auto\">Exercices d\u2019\u00e9checs quotidiens cibl\u00e9s pour votre niveau corrig\u00e9s pour vous le lendemain<\/p>\n<\/li>\n<\/ul>\n<p class=\"body\" dir=\"auto\"><em><u>Pour les membres payants :<\/u><\/em><\/p>\n<ul dir=\"auto\">\n<li>\n<p class=\"body\" dir=\"auto\">Exercices d\u2019\u00e9checs quotidiens cibl\u00e9s pour votre niveau corrig\u00e9s pour vous le lendemain<\/p>\n<\/li>\n<li>\n<p class=\"body\" dir=\"auto\">Toutes les semaines, cours d\u2019\u00e9checs collectif sur zoom pendant 1h30<\/p>\n<\/li>\n<li>\n<p class=\"body\" dir=\"auto\">Toutes les semaines, live sur twitch o\u00f9 j\u2019affronte les membres du club dans un but p\u00e9dagogique<\/p>\n<\/li>\n<li>\n<p class=\"body\" dir=\"auto\">Toutes les semaines, tournoi comment\u00e9 par moi-m\u00eame avec des prix \u00e0 gagner !<\/p>\n<\/li>\n<li>\n<p class=\"body\" dir=\"auto\">Tous les mois, rencontre mensuelle GRATUITE sur une journ\u00e9e en pr\u00e9sentiel (cours d\u2019\u00e9checs, tournois de blitz&#8230;)<\/p>\n<p class=\"body\" dir=\"auto\">\n<\/li>\n<\/ul>\n<p class=\"body\" dir=\"auto\"><strong> + ACCES A TOUS LES PACKS VIDEOS !<\/strong><\/p>\n<p class=\"body\" dir=\"auto\"><em>Pour \u00eatre inform\u00e9 du lancement du club ou pour toute information suppl\u00e9mentaire ou suggestion, envoyez moi un mail via la rubrique \u00ab\u00a0me contacter\u00a0\u00bb<\/em><\/p>\n","protected":false},"excerpt":{"rendered":"<p>Ce que pourrait contenir le club (en projet) Pour les membres gratuits : Exercices d\u2019\u00e9checs quotidiens cibl\u00e9s pour votre niveau corrig\u00e9s pour vous le lendemain Pour les membres payants : Exercices d\u2019\u00e9checs quotidiens cibl\u00e9s pour votre niveau corrig\u00e9s pour vous le lendemain Toutes les semaines, cours d\u2019\u00e9checs collectif sur zoom pendant 1h30 Toutes les semaines, [&hellip;]<\/p>\n","protected":false},"author":1,"featured_media":0,"parent":0,"menu_order":0,"comment_status":"closed","ping_status":"closed","template":"","meta":{"footnotes":""},"class_list":["post-42","page","type-page","status-publish","hentry"],"_links":{"self":[{"href":"https:\/\/ethansaya.com\/index.php?rest_route=\/wp\/v2\/pages\/42","targetHints":{"allow":["GET"]}}],"collection":[{"href":"https:\/\/ethansaya.com\/index.php?rest_route=\/wp\/v2\/pages"}],"about":[{"href":"https:\/\/ethansaya.com\/index.php?rest_route=\/wp\/v2\/types\/page"}],"author":[{"embeddable":true,"href":"https:\/\/ethansaya.com\/index.php?rest_route=\/wp\/v2\/users\/1"}],"replies":[{"embeddable":true,"href":"https:\/\/ethansaya.com\/index.php?rest_route=%2Fwp%2Fv2%2Fcomments&post=42"}],"version-history":[{"count":2,"href":"https:\/\/ethansaya.com\/index.php?rest_route=\/wp\/v2\/pages\/42\/revisions"}],"predecessor-version":[{"id":120,"href":"https:\/\/ethansaya.com\/index.php?rest_route=\/wp\/v2\/pages\/42\/revisions\/120"}],"wp:attachment":[{"href":"https:\/\/ethansaya.com\/index.php?rest_route=%2Fwp%2Fv2%2Fmedia&parent=42"}],"curies":[{"name":"wp","href":"https:\/\/api.w.org\/{rel}","templated":true}]}}